{"id":9695,"date":"2025-04-04T12:56:30","date_gmt":"2025-04-04T10:56:30","guid":{"rendered":"https:\/\/alicanteglobalgroup.es\/?page_id=9695"},"modified":"2025-04-23T12:35:18","modified_gmt":"2025-04-23T10:35:18","slug":"alicia-hoteles","status":"publish","type":"page","link":"https:\/\/alicanteglobalgroup.es\/fr\/alicia-hoteles\/","title":{"rendered":"ALICIA HOTELS"},"content":{"rendered":"<div data-elementor-type=\"wp-page\" data-elementor-id=\"9695\" class=\"elementor elementor-9695\">\n\t\t\t\t\t\t<section class=\"elementor-section elementor-top-section elementor-element elementor-element-39d1ef elementor-section-full_width elementor-section-height-min-height elementor-section-items-stretch elementor-section-height-default\" data-id=\"39d1ef\" data-element_type=\"section\" data-settings=\"{&quot;background_background&quot;:&quot;classic&quot;}\">\n\t\t\t\t\t\t\t<div class=\"elementor-background-overlay\"><\/div>\n\t\t\t\t\t\t\t<div class=\"elementor-container elementor-column-gap-no\">\n\t\t\t\t\t<div class=\"elementor-column elementor-col-100 elementor-top-column elementor-element elementor-element-70e5490b\" data-id=\"70e5490b\" data-element_type=\"column\">\n\t\t\t<div class=\"elementor-widget-wrap elementor-element-populated\">\n\t\t\t\t\t\t<section class=\"elementor-section elementor-inner-section elementor-element elementor-element-3741d97d elementor-section-full_width elementor-section-content-middle elementor-section-height-default elementor-section-height-default\" data-id=\"3741d97d\" data-element_type=\"section\" data-settings=\"{&quot;background_background&quot;:&quot;video&quot;,&quot;background_play_on_mobile&quot;:&quot;yes&quot;}\">\n\t\t\t\t\t\t\t<div class=\"elementor-background-overlay\"><\/div>\n\t\t\t\t\t\t\t<div class=\"elementor-container elementor-column-gap-no\">\n\t\t\t\t\t<div class=\"elementor-column elementor-col-100 elementor-inner-column elementor-element elementor-element-2b0a6c23\" data-id=\"2b0a6c23\" data-element_type=\"column\">\n\t\t\t<div class=\"elementor-widget-wrap elementor-element-populated\">\n\t\t\t\t\t\t<div data-custom-animations=\"true\" data-ca-options=\"{&quot;addChildTimelines&quot;:false,&quot;animationTarget&quot;:&quot;.lqd-split-chars .lqd-chars .split-inner&quot;,&quot;duration&quot;:1000,&quot;delay&quot;:15,&quot;ease&quot;:&quot;power4.inOut&quot;,&quot;initValues&quot;:{&quot;x&quot;:&quot;30px&quot;,&quot;opacity&quot;:0},&quot;animations&quot;:{&quot;x&quot;:&quot;0px&quot;,&quot;opacity&quot;:1}}\" class=\"elementor-element elementor-element-d028feb elementor-widget__width-initial elementor-widget elementor-widget-hub_fancy_heading lqd-el-has-inner-anim\" data-id=\"d028feb\" data-element_type=\"widget\" data-settings=\"{&quot;enable_split&quot;:&quot;true&quot;,&quot;split_type&quot;:&quot;chars, words&quot;}\" data-widget_type=\"hub_fancy_heading.default\">\n\t\t\t\t<div class=\"elementor-widget-container\">\n\t\t\t\t\t\n\t\t<div id=\"ld-fancy-heading-69f301aa335de\" class=\"ld-fancy-heading pos-rel\">\n\t\t\t<h1 class=\"ld-fh-element d-inline-block pos-rel  elementor-heading-title lqd-highlight-classic lqd-highlight-grow-left lqd-split-chars h1\"  data-split-text=\"true\" data-split-options='{\"type\":\"chars, words\"}'> Nous concevons des exp\u00e9riences <br>unique et sp\u00e9cial\n<\/h1>\t\t<\/div>\n\n\t\t\t\t\t\t<\/div>\n\t\t\t\t<\/div>\n\t\t\t\t<div data-custom-animations=\"true\" data-ca-options=\"{&quot;addChildTimelines&quot;:false,&quot;animationTarget&quot;:&quot;.lqd-split-chars .lqd-chars .split-inner&quot;,&quot;duration&quot;:1000,&quot;delay&quot;:15,&quot;ease&quot;:&quot;power4.inOut&quot;,&quot;initValues&quot;:{&quot;x&quot;:&quot;30px&quot;,&quot;opacity&quot;:0},&quot;animations&quot;:{&quot;x&quot;:&quot;0px&quot;,&quot;opacity&quot;:1}}\" class=\"elementor-element elementor-element-5a9dbc7c elementor-widget__width-initial elementor-widget-mobile__width-inherit elementor-widget elementor-widget-hub_fancy_heading lqd-el-has-inner-anim\" data-id=\"5a9dbc7c\" data-element_type=\"widget\" data-settings=\"{&quot;enable_split&quot;:&quot;true&quot;,&quot;split_type&quot;:&quot;chars, words&quot;}\" data-widget_type=\"hub_fancy_heading.default\">\n\t\t\t\t<div class=\"elementor-widget-container\">\n\t\t\t\t\t\n\t\t<div id=\"ld-fancy-heading-69f301aa33b74\" class=\"ld-fancy-heading pos-rel\">\n\t\t\t<h2 class=\"ld-fh-element d-inline-block pos-rel  elementor-heading-title lqd-highlight-classic lqd-highlight-grow-left lqd-split-chars h2\"  data-split-text=\"true\" data-split-options='{\"type\":\"chars, words\"}'> Alicia H\u00f4tels<\/h2>\t\t<\/div>\n\n\t\t\t\t\t\t<\/div>\n\t\t\t\t<\/div>\n\t\t\t\t\t<\/div>\n\t\t<\/div>\n\t\t\t\t\t<\/div>\n\t\t<\/section>\n\t\t<div class=\"elementor-element elementor-element-2d3188c1 e-con-full e-flex elementor-invisible e-con e-parent\" data-id=\"2d3188c1\" data-element_type=\"container\" data-settings=\"{&quot;background_background&quot;:&quot;video&quot;,&quot;background_play_on_mobile&quot;:&quot;yes&quot;,&quot;animation&quot;:&quot;zoomIn&quot;,&quot;animation_delay&quot;:1000}\">\n\t\t<div class=\"elementor-element elementor-element-3224500a e-con-full e-flex e-con e-child\" data-id=\"3224500a\" data-element_type=\"container\">\n\t\t\t\t<div class=\"elementor-element elementor-element-61a7975f elementor-widget elementor-widget-ld_button\" data-id=\"61a7975f\" data-element_type=\"widget\" data-widget_type=\"ld_button.default\">\n\t\t\t\t<div class=\"elementor-widget-container\">\n\t\t\t\t\t\n\t\t<a  href=\"\/fr\/contacto\/#formulario\" class=\"elementor-button btn align-items-center justify-content-center pos-rel overflow-hidden ws-nowrap btn-solid btn-has-label\" >\n\t\t\t\t\t\t\t<span class=\"btn-txt d-block pos-rel z-index-3\"  data-text=\"VER M\u00c1S\" >\n\t\t\t\t\t\t\t\t\t\t\tEN SAVOIR PLUS\t\t\t\t\t\t\t\t\t<\/span>\n\t\t\t\t\t\t\t\t<\/a>\n\n\t\t\t\t\t\t<\/div>\n\t\t\t\t<\/div>\n\t\t\t\t<\/div>\n\t\t\t\t<\/div>\n\t\t<div class=\"elementor-element elementor-element-ce0ab93 e-con-full elementor-hidden-desktop elementor-hidden-tablet e-flex elementor-invisible e-con e-parent\" data-id=\"ce0ab93\" data-element_type=\"container\" id=\"masinfobanner\" data-settings=\"{&quot;background_background&quot;:&quot;video&quot;,&quot;background_play_on_mobile&quot;:&quot;yes&quot;,&quot;animation&quot;:&quot;zoomIn&quot;,&quot;animation_delay&quot;:1000}\">\n\t\t<div class=\"elementor-element elementor-element-5f467935 e-con-full e-flex e-con e-child\" data-id=\"5f467935\" data-element_type=\"container\">\n\t\t\t\t<div class=\"elementor-element elementor-element-52c73a89 elementor-widget elementor-widget-ld_button\" data-id=\"52c73a89\" data-element_type=\"widget\" data-widget_type=\"ld_button.default\">\n\t\t\t\t<div class=\"elementor-widget-container\">\n\t\t\t\t\t\n\t\t<a  href=\"#popmake-10732\" class=\"elementor-button btn align-items-center justify-content-center pos-rel overflow-hidden ws-nowrap btn-naked btn-icon-right btn-has-label\" >\n\t\t\t\t\t\t\t<span class=\"btn-txt d-block pos-rel z-index-3\"  data-text=\"M\u00c1S INFORMACI\u00d3N\" >\n\t\t\t\t\t\t\t\t\t\t\tPLUS D\u2019INFORMATIONS\t\t\t\t\t\t\t\t\t<\/span>\n\t\t\t\t\t\t\t\t\t\t\t<span class=\"btn-icon pos-rel z-index-3\">\n\t\t\t\t\t\t<svg aria-hidden=\"true\" class=\"e-font-icon-svg e-far-envelope\" viewbox=\"0 0 512 512\" xmlns=\"http:\/\/www.w3.org\/2000\/svg\"><path d=\"M464 64H48C21.49 64 0 85.49 0 112v288c0 26.51 21.49 48 48 48h416c26.51 0 48-21.49 48-48V112c0-26.51-21.49-48-48-48zm0 48v40.805c-22.422 18.259-58.168 46.651-134.587 106.49-16.841 13.247-50.201 45.072-73.413 44.701-23.208.375-56.579-31.459-73.413-44.701C106.18 199.465 70.425 171.067 48 152.805V112h416zM48 400V214.398c22.914 18.251 55.409 43.862 104.938 82.646 21.857 17.205 60.134 55.186 103.062 54.955 42.717.231 80.509-37.199 103.053-54.947 49.528-38.783 82.032-64.401 104.947-82.653V400H48z\"><\/path><\/svg>\t\t\t\t\t<\/span>\n\t\t\t\t\t\t\t<\/a>\n\n\t\t\t\t\t\t<\/div>\n\t\t\t\t<\/div>\n\t\t\t\t<\/div>\n\t\t\t\t<\/div>\n\t\t\t\t\t<\/div>\n\t\t<\/div>\n\t\t\t\t\t<\/div>\n\t\t<\/section>\n\t\t<div class=\"elementor-element elementor-element-fdc5826 e-flex e-con-boxed e-con e-parent\" data-id=\"fdc5826\" data-element_type=\"container\" data-settings=\"{&quot;background_background&quot;:&quot;classic&quot;}\">\n\t\t\t\t\t<div class=\"e-con-inner\">\n\t\t<div class=\"elementor-element elementor-element-8b7740a e-con-full e-flex e-con e-child\" data-id=\"8b7740a\" data-element_type=\"container\">\n\t\t<div class=\"elementor-element elementor-element-cd1f716 e-con-full e-flex e-con e-child\" data-id=\"cd1f716\" data-element_type=\"container\">\n\t\t<div class=\"elementor-element elementor-element-d12bbfa e-con-full e-flex e-con e-child\" data-id=\"d12bbfa\" data-element_type=\"container\" data-settings=\"{&quot;background_background&quot;:&quot;classic&quot;}\">\n\t\t\t\t<div class=\"elementor-element elementor-element-a13195d elementor-widget elementor-widget-text-editor\" data-id=\"a13195d\" data-element_type=\"widget\" data-widget_type=\"text-editor.default\">\n\t\t\t\t<div class=\"elementor-widget-container\">\n\t\t\t\t\t\t\t\t\t<div class=\"wpb_text_column wpb_content_element vc_custom_1662534965075\"><div class=\"wpb_wrapper\"><div class=\"wpb_text_column wpb_content_element vc_custom_1551181018537\"><div class=\"wpb_wrapper\"><h4>Alicia Hoteles est la division h\u00f4teli\u00e8re du groupe Alicante Global.<\/h4><\/div><\/div><\/div><\/div>\t\t\t\t\t\t\t\t<\/div>\n\t\t\t\t<\/div>\n\t\t\t\t<\/div>\n\t\t\t\t<\/div>\n\t\t\t\t<\/div>\n\t\t\t\t\t<\/div>\n\t\t\t\t<\/div>\n\t\t<div class=\"elementor-element elementor-element-4d2749b e-flex e-con-boxed e-con e-parent\" data-id=\"4d2749b\" data-element_type=\"container\" data-settings=\"{&quot;background_background&quot;:&quot;classic&quot;}\">\n\t\t\t\t\t<div class=\"e-con-inner\">\n\t\t<div class=\"elementor-element elementor-element-25601ac e-con-full e-flex e-con e-child\" data-id=\"25601ac\" data-element_type=\"container\" data-settings=\"{&quot;background_background&quot;:&quot;slideshow&quot;,&quot;background_slideshow_gallery&quot;:[{&quot;id&quot;:9699,&quot;url&quot;:&quot;https:\\\/\\\/alicanteglobalgroup.es\\\/wp-content\\\/uploads\\\/alicante_global_group-034.jpg&quot;}],&quot;background_slideshow_loop&quot;:&quot;yes&quot;,&quot;background_slideshow_slide_duration&quot;:5000,&quot;background_slideshow_slide_transition&quot;:&quot;fade&quot;,&quot;background_slideshow_transition_duration&quot;:500}\">\n\t\t\t\t<div class=\"elementor-element elementor-element-91ff3df elementor-widget elementor-widget-spacer\" data-id=\"91ff3df\" data-element_type=\"widget\" data-widget_type=\"spacer.default\">\n\t\t\t\t<div class=\"elementor-widget-container\">\n\t\t\t\t\t\t\t<div class=\"elementor-spacer\">\n\t\t\t<div class=\"elementor-spacer-inner\"><\/div>\n\t\t<\/div>\n\t\t\t\t\t\t<\/div>\n\t\t\t\t<\/div>\n\t\t\t\t<\/div>\n\t\t<div class=\"elementor-element elementor-element-e11bb6a e-con-full e-flex e-con e-child\" data-id=\"e11bb6a\" data-element_type=\"container\" data-settings=\"{&quot;background_background&quot;:&quot;classic&quot;}\">\n\t\t<div class=\"elementor-element elementor-element-7175d00 e-con-full e-flex e-con e-child\" data-id=\"7175d00\" data-element_type=\"container\">\n\t\t\t\t<div class=\"elementor-element elementor-element-c9b75cb elementor-widget elementor-widget-hub_fancy_heading\" data-id=\"c9b75cb\" data-element_type=\"widget\" data-widget_type=\"hub_fancy_heading.default\">\n\t\t\t\t<div class=\"elementor-widget-container\">\n\t\t\t\t\t\n\t\t<div id=\"ld-fancy-heading-69f301aa3d3ce\" class=\"ld-fancy-heading pos-rel\">\n\t\t\t<p class=\"ld-fh-element d-inline-block pos-rel  lqd-highlight-classic lqd-highlight-grow-left p\"  > Nous travaillons \u00e0 l'\u00e9laboration de projets uniques et exclusifs con\u00e7us pour les personnes du nouveau mill\u00e9naire.\nNous sommes toujours \u00e0 la recherche d'exp\u00e9riences uniques. <br><br>Nous cherchons \u00e0 cr\u00e9er des moments de bonheur.\n\"Parce que nous croyons que la vie ne se mesure pas en minutes, mais en moments,\nnous nous effor\u00e7ons de les cr\u00e9er et de les rendre uniques...<\/p>\t\t<\/div>\n\n\t\t\t\t\t\t<\/div>\n\t\t\t\t<\/div>\n\t\t\t\t<\/div>\n\t\t\t\t<\/div>\n\t\t\t\t\t<\/div>\n\t\t\t\t<\/div>\n\t\t\t\t<\/div>","protected":false},"excerpt":{"rendered":"<p>Dise\u00f1amos experiencias \u00fanicas y especiales Alicia Hoteles VER M\u00c1S M\u00c1S INFORMACI\u00d3N Alicia Hoteles es la divisi\u00f3n hotelera del grupo Alicante Global Group Trabajamos para desarrollar proyectos \u00fanicos y exclusivos pensados para las personas del nuevo milenio. Buscamos siempre experiencias \u00fanicas. Buscamos crear momentos de felicidad. \u00abPorque nosotros pensamos que la vida no se mide en [&hellip;]<\/p>","protected":false},"author":6,"featured_media":0,"parent":0,"menu_order":11,"comment_status":"closed","ping_status":"closed","template":"","meta":{"footnotes":""},"wf_page_folders":[57],"class_list":["post-9695","page","type-page","status-publish","hentry"],"yoast_head":"<!-- This site is optimized with the Yoast SEO plugin v24.9 - https:\/\/yoast.com\/wordpress\/plugins\/seo\/ -->\n<title>ALICIA HOTELES - Alicante Global Group<\/title>\n<meta name=\"robots\" content=\"index, follow, max-snippet:-1, max-image-preview:large, max-video-preview:-1\" \/>\n<link rel=\"canonical\" href=\"https:\/\/alicanteglobalgroup.es\/fr\/alicia-hoteles\/\" \/>\n<meta property=\"og:locale\" content=\"fr_FR\" \/>\n<meta property=\"og:type\" content=\"article\" \/>\n<meta property=\"og:title\" content=\"ALICIA HOTELES - Alicante Global Group\" \/>\n<meta property=\"og:description\" content=\"Dise\u00f1amos experiencias \u00fanicas y especiales Alicia Hoteles VER M\u00c1S M\u00c1S INFORMACI\u00d3N Alicia Hoteles es la divisi\u00f3n hotelera del grupo Alicante Global Group Trabajamos para desarrollar proyectos \u00fanicos y exclusivos pensados para las personas del nuevo milenio. Buscamos siempre experiencias \u00fanicas. Buscamos crear momentos de felicidad. \u00abPorque nosotros pensamos que la vida no se mide en [&hellip;]\" \/>\n<meta property=\"og:url\" content=\"https:\/\/alicanteglobalgroup.es\/fr\/alicia-hoteles\/\" \/>\n<meta property=\"og:site_name\" content=\"Alicante Global Group\" \/>\n<meta property=\"article:modified_time\" content=\"2025-04-23T10:35:18+00:00\" \/>\n<meta name=\"twitter:card\" content=\"summary_large_image\" \/>\n<meta name=\"twitter:label1\" content=\"Dur\u00e9e de lecture estim\u00e9e\" \/>\n\t<meta name=\"twitter:data1\" content=\"1 minute\" \/>\n<script type=\"application\/ld+json\" class=\"yoast-schema-graph\">{\"@context\":\"https:\/\/schema.org\",\"@graph\":[{\"@type\":\"WebPage\",\"@id\":\"https:\/\/alicanteglobalgroup.es\/alicia-hoteles\/\",\"url\":\"https:\/\/alicanteglobalgroup.es\/alicia-hoteles\/\",\"name\":\"ALICIA HOTELES - Alicante Global Group\",\"isPartOf\":{\"@id\":\"https:\/\/alicanteglobalgroup.es\/#website\"},\"datePublished\":\"2025-04-04T10:56:30+00:00\",\"dateModified\":\"2025-04-23T10:35:18+00:00\",\"breadcrumb\":{\"@id\":\"https:\/\/alicanteglobalgroup.es\/alicia-hoteles\/#breadcrumb\"},\"inLanguage\":\"fr-FR\",\"potentialAction\":[{\"@type\":\"ReadAction\",\"target\":[\"https:\/\/alicanteglobalgroup.es\/alicia-hoteles\/\"]}]},{\"@type\":\"BreadcrumbList\",\"@id\":\"https:\/\/alicanteglobalgroup.es\/alicia-hoteles\/#breadcrumb\",\"itemListElement\":[{\"@type\":\"ListItem\",\"position\":1,\"name\":\"Portada\",\"item\":\"https:\/\/alicanteglobalgroup.es\/\"},{\"@type\":\"ListItem\",\"position\":2,\"name\":\"ALICIA HOTELES\"}]},{\"@type\":\"WebSite\",\"@id\":\"https:\/\/alicanteglobalgroup.es\/#website\",\"url\":\"https:\/\/alicanteglobalgroup.es\/\",\"name\":\"Alicante Global Group\",\"description\":\"Expertos en el sector inmobiliario en la Costa Blanca\",\"potentialAction\":[{\"@type\":\"SearchAction\",\"target\":{\"@type\":\"EntryPoint\",\"urlTemplate\":\"https:\/\/alicanteglobalgroup.es\/?s={search_term_string}\"},\"query-input\":{\"@type\":\"PropertyValueSpecification\",\"valueRequired\":true,\"valueName\":\"search_term_string\"}}],\"inLanguage\":\"fr-FR\"}]}<\/script>\n<!-- \/ Yoast SEO plugin. -->","yoast_head_json":{"title":"ALICIA HOTELES - Alicante Global Group","robots":{"index":"index","follow":"follow","max-snippet":"max-snippet:-1","max-image-preview":"max-image-preview:large","max-video-preview":"max-video-preview:-1"},"canonical":"https:\/\/alicanteglobalgroup.es\/fr\/alicia-hoteles\/","og_locale":"fr_FR","og_type":"article","og_title":"ALICIA HOTELES - Alicante Global Group","og_description":"Dise\u00f1amos experiencias \u00fanicas y especiales Alicia Hoteles VER M\u00c1S M\u00c1S INFORMACI\u00d3N Alicia Hoteles es la divisi\u00f3n hotelera del grupo Alicante Global Group Trabajamos para desarrollar proyectos \u00fanicos y exclusivos pensados para las personas del nuevo milenio. Buscamos siempre experiencias \u00fanicas. Buscamos crear momentos de felicidad. \u00abPorque nosotros pensamos que la vida no se mide en [&hellip;]","og_url":"https:\/\/alicanteglobalgroup.es\/fr\/alicia-hoteles\/","og_site_name":"Alicante Global Group","article_modified_time":"2025-04-23T10:35:18+00:00","twitter_card":"summary_large_image","twitter_misc":{"Dur\u00e9e de lecture estim\u00e9e":"1 minute"},"schema":{"@context":"https:\/\/schema.org","@graph":[{"@type":"WebPage","@id":"https:\/\/alicanteglobalgroup.es\/alicia-hoteles\/","url":"https:\/\/alicanteglobalgroup.es\/alicia-hoteles\/","name":"ALICIA HOTELES - Alicante Global Group","isPartOf":{"@id":"https:\/\/alicanteglobalgroup.es\/#website"},"datePublished":"2025-04-04T10:56:30+00:00","dateModified":"2025-04-23T10:35:18+00:00","breadcrumb":{"@id":"https:\/\/alicanteglobalgroup.es\/alicia-hoteles\/#breadcrumb"},"inLanguage":"fr-FR","potentialAction":[{"@type":"ReadAction","target":["https:\/\/alicanteglobalgroup.es\/alicia-hoteles\/"]}]},{"@type":"BreadcrumbList","@id":"https:\/\/alicanteglobalgroup.es\/alicia-hoteles\/#breadcrumb","itemListElement":[{"@type":"ListItem","position":1,"name":"Portada","item":"https:\/\/alicanteglobalgroup.es\/"},{"@type":"ListItem","position":2,"name":"ALICIA HOTELES"}]},{"@type":"WebSite","@id":"https:\/\/alicanteglobalgroup.es\/#website","url":"https:\/\/alicanteglobalgroup.es\/","name":"Groupe mondial Alicante","description":"Experts du secteur immobilier sur la Costa Blanca","potentialAction":[{"@type":"SearchAction","target":{"@type":"EntryPoint","urlTemplate":"https:\/\/alicanteglobalgroup.es\/?s={search_term_string}"},"query-input":{"@type":"PropertyValueSpecification","valueRequired":true,"valueName":"search_term_string"}}],"inLanguage":"fr-FR"}]}},"_links":{"self":[{"href":"https:\/\/alicanteglobalgroup.es\/fr\/wp-json\/wp\/v2\/pages\/9695","targetHints":{"allow":["GET"]}}],"collection":[{"href":"https:\/\/alicanteglobalgroup.es\/fr\/wp-json\/wp\/v2\/pages"}],"about":[{"href":"https:\/\/alicanteglobalgroup.es\/fr\/wp-json\/wp\/v2\/types\/page"}],"author":[{"embeddable":true,"href":"https:\/\/alicanteglobalgroup.es\/fr\/wp-json\/wp\/v2\/users\/6"}],"replies":[{"embeddable":true,"href":"https:\/\/alicanteglobalgroup.es\/fr\/wp-json\/wp\/v2\/comments?post=9695"}],"version-history":[{"count":0,"href":"https:\/\/alicanteglobalgroup.es\/fr\/wp-json\/wp\/v2\/pages\/9695\/revisions"}],"wp:attachment":[{"href":"https:\/\/alicanteglobalgroup.es\/fr\/wp-json\/wp\/v2\/media?parent=9695"}],"wp:term":[{"taxonomy":"wf_page_folders","embeddable":true,"href":"https:\/\/alicanteglobalgroup.es\/fr\/wp-json\/wp\/v2\/wf_page_folders?post=9695"}],"curies":[{"name":"wp","href":"https:\/\/api.w.org\/{rel}","templated":true}]}}