{"id":15496,"date":"2026-03-18T10:49:22","date_gmt":"2026-03-18T09:49:22","guid":{"rendered":"https:\/\/alicanteglobalgroup.es\/?page_id=15496"},"modified":"2026-03-23T18:07:24","modified_gmt":"2026-03-23T17:07:24","slug":"galeria","status":"publish","type":"page","link":"https:\/\/alicanteglobalgroup.es\/de\/galeria\/","title":{"rendered":"GALERIE"},"content":{"rendered":"<div data-elementor-type=\"wp-page\" data-elementor-id=\"15496\" class=\"elementor elementor-15496\">\n\t\t\t\t\t\t<section class=\"elementor-section elementor-top-section elementor-element elementor-element-39d1ef elementor-section-full_width elementor-section-height-min-height elementor-section-content-middle elementor-section-height-default elementor-section-items-middle\" data-id=\"39d1ef\" data-element_type=\"section\" data-settings=\"{&quot;background_background&quot;:&quot;classic&quot;}\">\n\t\t\t\t\t\t\t<div class=\"elementor-background-overlay\"><\/div>\n\t\t\t\t\t\t\t<div class=\"elementor-container elementor-column-gap-no\">\n\t\t\t\t\t<div class=\"elementor-column elementor-col-100 elementor-top-column elementor-element elementor-element-70e5490b\" data-id=\"70e5490b\" data-element_type=\"column\">\n\t\t\t<div class=\"elementor-widget-wrap elementor-element-populated\">\n\t\t\t\t\t\t<section class=\"elementor-section elementor-inner-section elementor-element elementor-element-3741d97d elementor-section-full_width elementor-section-content-middle elementor-section-height-default elementor-section-height-default\" data-id=\"3741d97d\" data-element_type=\"section\" data-settings=\"{&quot;background_background&quot;:&quot;video&quot;,&quot;background_play_on_mobile&quot;:&quot;yes&quot;,&quot;animation&quot;:&quot;none&quot;}\">\n\t\t\t\t\t\t\t<div class=\"elementor-background-overlay\"><\/div>\n\t\t\t\t\t\t\t<div class=\"elementor-container elementor-column-gap-no\">\n\t\t\t\t\t<div class=\"elementor-column elementor-col-100 elementor-inner-column elementor-element elementor-element-2b0a6c23\" data-id=\"2b0a6c23\" data-element_type=\"column\">\n\t\t\t<div class=\"elementor-widget-wrap elementor-element-populated\">\n\t\t\t\t\t\t<div data-custom-animations=\"true\" data-ca-options=\"{&quot;addChildTimelines&quot;:false,&quot;animationTarget&quot;:&quot;:scope &gt; .elementor-widget-container&quot;,&quot;duration&quot;:1000,&quot;delay&quot;:15,&quot;ease&quot;:&quot;power4.inOut&quot;,&quot;initValues&quot;:{&quot;x&quot;:&quot;30px&quot;,&quot;opacity&quot;:0},&quot;animations&quot;:{&quot;x&quot;:&quot;0px&quot;,&quot;opacity&quot;:1}}\" class=\"elementor-element elementor-element-5a9dbc7c elementor-widget__width-initial elementor-widget-mobile__width-inherit elementor-widget elementor-widget-hub_fancy_heading\" data-id=\"5a9dbc7c\" data-element_type=\"widget\" data-widget_type=\"hub_fancy_heading.default\">\n\t\t\t\t<div class=\"elementor-widget-container\">\n\t\t\t\t\t\n\t\t<div id=\"ld-fancy-heading-69f769044a7e5\" class=\"ld-fancy-heading pos-rel\">\n\t\t\t<h1 class=\"ld-fh-element d-inline-block pos-rel  elementor-heading-title lqd-highlight-classic lqd-highlight-grow-left h1\"  > Galerie<\/h1>\t\t<\/div>\n\n\t\t\t\t\t\t<\/div>\n\t\t\t\t<\/div>\n\t\t\t\t<div data-custom-animations=\"true\" data-ca-options=\"{&quot;addChildTimelines&quot;:false,&quot;animationTarget&quot;:&quot;:scope &gt; .elementor-widget-container&quot;,&quot;duration&quot;:1000,&quot;delay&quot;:15,&quot;ease&quot;:&quot;power4.inOut&quot;,&quot;initValues&quot;:{&quot;x&quot;:&quot;30px&quot;,&quot;opacity&quot;:0},&quot;animations&quot;:{&quot;x&quot;:&quot;0px&quot;,&quot;opacity&quot;:1}}\" class=\"elementor-element elementor-element-d028feb elementor-widget__width-initial elementor-widget elementor-widget-hub_fancy_heading\" data-id=\"d028feb\" data-element_type=\"widget\" data-widget_type=\"hub_fancy_heading.default\">\n\t\t\t\t<div class=\"elementor-widget-container\">\n\t\t\t\t\t\n\t\t<div id=\"ld-fancy-heading-69f769044ace0\" class=\"ld-fancy-heading pos-rel\">\n\t\t\t<h2 class=\"ld-fh-element d-inline-block pos-rel  elementor-heading-title lqd-highlight-classic lqd-highlight-grow-left h2\"  > Wo Design, Exklusivit\u00e4t und konstruktive Exzellenz zum Leben erwachen.<\/h2>\t\t<\/div>\n\n\t\t\t\t\t\t<\/div>\n\t\t\t\t<\/div>\n\t\t\t\t\t<\/div>\n\t\t<\/div>\n\t\t\t\t\t<\/div>\n\t\t<\/section>\n\t\t<div class=\"elementor-element elementor-element-ce0ab93 e-con-full elementor-hidden-desktop elementor-hidden-tablet e-flex e-con e-parent\" data-id=\"ce0ab93\" data-element_type=\"container\" id=\"masinfobanner\" data-settings=\"{&quot;background_background&quot;:&quot;video&quot;,&quot;background_play_on_mobile&quot;:&quot;yes&quot;,&quot;animation&quot;:&quot;none&quot;,&quot;animation_delay&quot;:1000}\">\n\t\t<div class=\"elementor-element elementor-element-5f467935 e-con-full e-flex e-con e-child\" data-id=\"5f467935\" data-element_type=\"container\">\n\t\t\t\t<div class=\"elementor-element elementor-element-52c73a89 elementor-widget elementor-widget-ld_button\" data-id=\"52c73a89\" data-element_type=\"widget\" data-widget_type=\"ld_button.default\">\n\t\t\t\t<div class=\"elementor-widget-container\">\n\t\t\t\t\t\n\t\t<a  href=\"#popmake-10732\" class=\"elementor-button btn align-items-center justify-content-center pos-rel overflow-hidden ws-nowrap btn-naked btn-icon-right btn-has-label\" >\n\t\t\t\t\t\t\t<span class=\"btn-txt d-block pos-rel z-index-3\"  data-text=\"M\u00c1S INFORMACI\u00d3N\" >\n\t\t\t\t\t\t\t\t\t\t\tWEITERE INFORMATIONEN\t\t\t\t\t\t\t\t\t<\/span>\n\t\t\t\t\t\t\t\t\t\t\t<span class=\"btn-icon pos-rel z-index-3\">\n\t\t\t\t\t\t<svg aria-hidden=\"true\" class=\"e-font-icon-svg e-far-envelope\" viewbox=\"0 0 512 512\" xmlns=\"http:\/\/www.w3.org\/2000\/svg\"><path d=\"M464 64H48C21.49 64 0 85.49 0 112v288c0 26.51 21.49 48 48 48h416c26.51 0 48-21.49 48-48V112c0-26.51-21.49-48-48-48zm0 48v40.805c-22.422 18.259-58.168 46.651-134.587 106.49-16.841 13.247-50.201 45.072-73.413 44.701-23.208.375-56.579-31.459-73.413-44.701C106.18 199.465 70.425 171.067 48 152.805V112h416zM48 400V214.398c22.914 18.251 55.409 43.862 104.938 82.646 21.857 17.205 60.134 55.186 103.062 54.955 42.717.231 80.509-37.199 103.053-54.947 49.528-38.783 82.032-64.401 104.947-82.653V400H48z\"><\/path><\/svg>\t\t\t\t\t<\/span>\n\t\t\t\t\t\t\t<\/a>\n\n\t\t\t\t\t\t<\/div>\n\t\t\t\t<\/div>\n\t\t\t\t<\/div>\n\t\t\t\t<\/div>\n\t\t\t\t\t<\/div>\n\t\t<\/div>\n\t\t\t\t\t<\/div>\n\t\t<\/section>\n\t\t<div class=\"elementor-element elementor-element-fdc5826 e-flex e-con-boxed e-con e-parent\" data-id=\"fdc5826\" data-element_type=\"container\" data-settings=\"{&quot;background_background&quot;:&quot;classic&quot;}\">\n\t\t\t\t\t<div class=\"e-con-inner\">\n\t\t<div class=\"elementor-element elementor-element-efc0f22 e-con-full e-flex e-con e-child\" data-id=\"efc0f22\" data-element_type=\"container\">\n\t\t<div class=\"elementor-element elementor-element-fa380d2 e-con-full e-flex e-con e-child\" data-id=\"fa380d2\" data-element_type=\"container\">\n\t\t<div class=\"elementor-element elementor-element-7749cfc e-con-full e-flex e-con e-child\" data-id=\"7749cfc\" data-element_type=\"container\" data-settings=\"{&quot;background_background&quot;:&quot;classic&quot;}\">\n\t\t\t\t<div class=\"elementor-element elementor-element-07a1bf5 elementor-widget elementor-widget-heading\" data-id=\"07a1bf5\" data-element_type=\"widget\" data-widget_type=\"heading.default\">\n\t\t\t\t<div class=\"elementor-widget-container\">\n\t\t\t\t\t<h2 class=\"elementor-heading-title elementor-size-default\">Altea Sense<\/h2>\t\t\t\t<\/div>\n\t\t\t\t<\/div>\n\t\t\t\t<div class=\"elementor-element elementor-element-ba38507 elementor-widget elementor-widget-video\" data-id=\"ba38507\" data-element_type=\"widget\" data-settings=\"{&quot;video_type&quot;:&quot;hosted&quot;,&quot;controls&quot;:&quot;yes&quot;}\" data-widget_type=\"video.default\">\n\t\t\t\t<div class=\"elementor-widget-container\">\n\t\t\t\t\t\t\t<div class=\"e-hosted-video elementor-wrapper elementor-open-inline\">\n\t\t\t\t\t<video class=\"elementor-video\" src=\"https:\/\/galeria.alteasense.com\/videos\/ALTEASENSE_3 (1).mp4\" controls=\"\" preload=\"metadata\" controlslist=\"nodownload\"><\/video>\n\t\t\t\t<\/div>\n\t\t\t\t\t\t<\/div>\n\t\t\t\t<\/div>\n\t\t\t\t<\/div>\n\t\t\t\t<\/div>\n\t\t\t\t<\/div>\n\t\t\t\t\t<\/div>\n\t\t\t\t<\/div>\n\t\t<div class=\"elementor-element elementor-element-1c021ea e-flex e-con-boxed e-con e-parent\" data-id=\"1c021ea\" data-element_type=\"container\" data-settings=\"{&quot;background_background&quot;:&quot;classic&quot;}\">\n\t\t\t\t\t<div class=\"e-con-inner\">\n\t\t<div class=\"elementor-element elementor-element-9f1a8d2 e-con-full e-flex e-con e-child\" data-id=\"9f1a8d2\" data-element_type=\"container\">\n\t\t<div class=\"elementor-element elementor-element-7047e1a e-con-full e-flex e-con e-child\" data-id=\"7047e1a\" data-element_type=\"container\">\n\t\t<div class=\"elementor-element elementor-element-a9c90b8 e-con-full e-flex e-con e-child\" data-id=\"a9c90b8\" data-element_type=\"container\" data-settings=\"{&quot;background_background&quot;:&quot;classic&quot;}\">\n\t\t\t\t<div class=\"elementor-element elementor-element-7c52047 elementor-widget elementor-widget-heading\" data-id=\"7c52047\" data-element_type=\"widget\" data-widget_type=\"heading.default\">\n\t\t\t\t<div class=\"elementor-widget-container\">\n\t\t\t\t\t<h2 class=\"elementor-heading-title elementor-size-default\">Wohnhaus Patmore<\/h2>\t\t\t\t<\/div>\n\t\t\t\t<\/div>\n\t\t\t\t<div class=\"elementor-element elementor-element-f5b32dc elementor-widget elementor-widget-video\" data-id=\"f5b32dc\" data-element_type=\"widget\" data-settings=\"{&quot;video_type&quot;:&quot;hosted&quot;,&quot;controls&quot;:&quot;yes&quot;}\" data-widget_type=\"video.default\">\n\t\t\t\t<div class=\"elementor-widget-container\">\n\t\t\t\t\t\t\t<div class=\"e-hosted-video elementor-wrapper elementor-open-inline\">\n\t\t\t\t\t<video class=\"elementor-video\" src=\"https:\/\/galeria.alteasense.com\/patmore\/videos\/PATMORE RESIDENCE_3 (1).mp4\" controls=\"\" preload=\"metadata\" controlslist=\"nodownload\"><\/video>\n\t\t\t\t<\/div>\n\t\t\t\t\t\t<\/div>\n\t\t\t\t<\/div>\n\t\t\t\t<\/div>\n\t\t\t\t<\/div>\n\t\t\t\t<\/div>\n\t\t\t\t\t<\/div>\n\t\t\t\t<\/div>\n\t\t<div class=\"elementor-element elementor-element-ce2ea94 e-flex e-con-boxed e-con e-parent\" data-id=\"ce2ea94\" data-element_type=\"container\" data-settings=\"{&quot;background_background&quot;:&quot;classic&quot;}\">\n\t\t\t\t\t<div class=\"e-con-inner\">\n\t\t<div class=\"elementor-element elementor-element-94b0078 e-con-full e-flex e-con e-child\" data-id=\"94b0078\" data-element_type=\"container\">\n\t\t<div class=\"elementor-element elementor-element-6bb47b4 e-con-full e-flex e-con e-child\" data-id=\"6bb47b4\" data-element_type=\"container\">\n\t\t<div class=\"elementor-element elementor-element-9489607 e-con-full e-flex e-con e-child\" data-id=\"9489607\" data-element_type=\"container\" data-settings=\"{&quot;background_background&quot;:&quot;classic&quot;}\">\n\t\t\t\t<div class=\"elementor-element elementor-element-18d5e25 elementor-widget elementor-widget-heading\" data-id=\"18d5e25\" data-element_type=\"widget\" data-widget_type=\"heading.default\">\n\t\t\t\t<div class=\"elementor-widget-container\">\n\t\t\t\t\t<h2 class=\"elementor-heading-title elementor-size-default\">Kurort Patmore<\/h2>\t\t\t\t<\/div>\n\t\t\t\t<\/div>\n\t\t\t\t<div class=\"elementor-element elementor-element-b8b5e3e elementor-widget elementor-widget-video\" data-id=\"b8b5e3e\" data-element_type=\"widget\" data-settings=\"{&quot;video_type&quot;:&quot;hosted&quot;,&quot;controls&quot;:&quot;yes&quot;}\" data-widget_type=\"video.default\">\n\t\t\t\t<div class=\"elementor-widget-container\">\n\t\t\t\t\t\t\t<div class=\"e-hosted-video elementor-wrapper elementor-open-inline\">\n\t\t\t\t\t<video class=\"elementor-video\" src=\"https:\/\/galeria.alteasense.com\/patmoreresort\/videos\/PATMORERESORT_3.mp4\" controls=\"\" preload=\"metadata\" controlslist=\"nodownload\"><\/video>\n\t\t\t\t<\/div>\n\t\t\t\t\t\t<\/div>\n\t\t\t\t<\/div>\n\t\t\t\t<\/div>\n\t\t\t\t<\/div>\n\t\t\t\t<\/div>\n\t\t\t\t\t<\/div>\n\t\t\t\t<\/div>\n\t\t<div class=\"elementor-element elementor-element-4e61ba7 e-flex e-con-boxed e-con e-parent\" data-id=\"4e61ba7\" data-element_type=\"container\" data-settings=\"{&quot;background_background&quot;:&quot;classic&quot;}\">\n\t\t\t\t\t<div class=\"e-con-inner\">\n\t\t<div class=\"elementor-element elementor-element-1f65def e-con-full e-flex e-con e-child\" data-id=\"1f65def\" data-element_type=\"container\">\n\t\t<div class=\"elementor-element elementor-element-354f8eb e-con-full e-flex e-con e-child\" data-id=\"354f8eb\" data-element_type=\"container\">\n\t\t<div class=\"elementor-element elementor-element-d47c4aa e-con-full e-flex e-con e-child\" data-id=\"d47c4aa\" data-element_type=\"container\" data-settings=\"{&quot;background_background&quot;:&quot;classic&quot;}\">\n\t\t\t\t<div class=\"elementor-element elementor-element-353e9cd elementor-widget elementor-widget-heading\" data-id=\"353e9cd\" data-element_type=\"widget\" data-widget_type=\"heading.default\">\n\t\t\t\t<div class=\"elementor-widget-container\">\n\t\t\t\t\t<h2 class=\"elementor-heading-title elementor-size-default\">Moraira Natura<\/h2>\t\t\t\t<\/div>\n\t\t\t\t<\/div>\n\t\t\t\t<div class=\"elementor-element elementor-element-33e5caa elementor-widget elementor-widget-video\" data-id=\"33e5caa\" data-element_type=\"widget\" data-settings=\"{&quot;video_type&quot;:&quot;hosted&quot;,&quot;controls&quot;:&quot;yes&quot;}\" data-widget_type=\"video.default\">\n\t\t\t\t<div class=\"elementor-widget-container\">\n\t\t\t\t\t\t\t<div class=\"e-hosted-video elementor-wrapper elementor-open-inline\">\n\t\t\t\t\t<video class=\"elementor-video\" src=\"https:\/\/galeria.alteasense.com\/morairanatura\/videos\/MORAIRANATURA_3 (1).mp4\" controls=\"\" preload=\"metadata\" controlslist=\"nodownload\"><\/video>\n\t\t\t\t<\/div>\n\t\t\t\t\t\t<\/div>\n\t\t\t\t<\/div>\n\t\t\t\t<\/div>\n\t\t\t\t<\/div>\n\t\t\t\t<\/div>\n\t\t\t\t\t<\/div>\n\t\t\t\t<\/div>\n\t\t<div class=\"elementor-element elementor-element-538765c e-flex e-con-boxed e-con e-parent\" data-id=\"538765c\" data-element_type=\"container\" data-settings=\"{&quot;background_background&quot;:&quot;classic&quot;}\">\n\t\t\t\t\t<div class=\"e-con-inner\">\n\t\t<div class=\"elementor-element elementor-element-258ea1a e-con-full e-flex e-con e-child\" data-id=\"258ea1a\" data-element_type=\"container\">\n\t\t<div class=\"elementor-element elementor-element-7e7a661 e-con-full e-flex e-con e-child\" data-id=\"7e7a661\" data-element_type=\"container\">\n\t\t<div class=\"elementor-element elementor-element-1a93e28 e-con-full e-flex e-con e-child\" data-id=\"1a93e28\" data-element_type=\"container\" data-settings=\"{&quot;background_background&quot;:&quot;classic&quot;}\">\n\t\t\t\t<div class=\"elementor-element elementor-element-79cf85d elementor-widget elementor-widget-heading\" data-id=\"79cf85d\" data-element_type=\"widget\" data-widget_type=\"heading.default\">\n\t\t\t\t<div class=\"elementor-widget-container\">\n\t\t\t\t\t<h2 class=\"elementor-heading-title elementor-size-default\">Natura-Bucht<\/h2>\t\t\t\t<\/div>\n\t\t\t\t<\/div>\n\t\t\t\t<div class=\"elementor-element elementor-element-38ff744 elementor-widget elementor-widget-video\" data-id=\"38ff744\" data-element_type=\"widget\" data-settings=\"{&quot;video_type&quot;:&quot;hosted&quot;,&quot;controls&quot;:&quot;yes&quot;}\" data-widget_type=\"video.default\">\n\t\t\t\t<div class=\"elementor-widget-container\">\n\t\t\t\t\t\t\t<div class=\"e-hosted-video elementor-wrapper elementor-open-inline\">\n\t\t\t\t\t<video class=\"elementor-video\" src=\"https:\/\/galeria.alteasense.com\/calanatura\/videos\/CALANATURA_3 (1).mp4\" controls=\"\" preload=\"metadata\" controlslist=\"nodownload\"><\/video>\n\t\t\t\t<\/div>\n\t\t\t\t\t\t<\/div>\n\t\t\t\t<\/div>\n\t\t\t\t<\/div>\n\t\t\t\t<\/div>\n\t\t\t\t<\/div>\n\t\t\t\t\t<\/div>\n\t\t\t\t<\/div>\n\t\t\t\t<\/div>","protected":false},"excerpt":{"rendered":"<p>Galer\u00eda Donde el dise\u00f1o, la exclusividad y la excelencia constructiva cobran vida. M\u00c1S INFORMACI\u00d3N Altea Sense https:\/\/galeria.alteasense.com\/videos\/ALTEASENSE_3%20(1).mp4 Patmore Residence https:\/\/galeria.alteasense.com\/patmore\/videos\/PATMORE%20RESIDENCE_3%20(1).mp4 Patmore Resort https:\/\/galeria.alteasense.com\/patmoreresort\/videos\/PATMORERESORT_3.mp4 Moraira Natura https:\/\/galeria.alteasense.com\/morairanatura\/videos\/MORAIRANATURA_3%20(1).mp4 Cala Natura https:\/\/galeria.alteasense.com\/calanatura\/videos\/CALANATURA_3%20(1).mp4<\/p>","protected":false},"author":6,"featured_media":0,"parent":0,"menu_order":7,"comment_status":"closed","ping_status":"closed","template":"","meta":{"footnotes":""},"wf_page_folders":[57],"class_list":["post-15496","page","type-page","status-publish","hentry"],"yoast_head":"<!-- This site is optimized with the Yoast SEO plugin v24.9 - https:\/\/yoast.com\/wordpress\/plugins\/seo\/ -->\n<title>GALER\u00cdA - Alicante Global Group<\/title>\n<meta name=\"robots\" content=\"index, follow, max-snippet:-1, max-image-preview:large, max-video-preview:-1\" \/>\n<link rel=\"canonical\" href=\"https:\/\/alicanteglobalgroup.es\/de\/galeria\/\" \/>\n<meta property=\"og:locale\" content=\"de_DE\" \/>\n<meta property=\"og:type\" content=\"article\" \/>\n<meta property=\"og:title\" content=\"GALER\u00cdA - Alicante Global Group\" \/>\n<meta property=\"og:description\" content=\"Galer\u00eda Donde el dise\u00f1o, la exclusividad y la excelencia constructiva cobran vida. M\u00c1S INFORMACI\u00d3N Altea Sense https:\/\/galeria.alteasense.com\/videos\/ALTEASENSE_3%20(1).mp4 Patmore Residence https:\/\/galeria.alteasense.com\/patmore\/videos\/PATMORE%20RESIDENCE_3%20(1).mp4 Patmore Resort https:\/\/galeria.alteasense.com\/patmoreresort\/videos\/PATMORERESORT_3.mp4 Moraira Natura https:\/\/galeria.alteasense.com\/morairanatura\/videos\/MORAIRANATURA_3%20(1).mp4 Cala Natura https:\/\/galeria.alteasense.com\/calanatura\/videos\/CALANATURA_3%20(1).mp4\" \/>\n<meta property=\"og:url\" content=\"https:\/\/alicanteglobalgroup.es\/de\/galeria\/\" \/>\n<meta property=\"og:site_name\" content=\"Alicante Global Group\" \/>\n<meta property=\"article:modified_time\" content=\"2026-03-23T17:07:24+00:00\" \/>\n<meta name=\"twitter:card\" content=\"summary_large_image\" \/>\n<meta name=\"twitter:label1\" content=\"Gesch\u00e4tzte Lesezeit\" \/>\n\t<meta name=\"twitter:data1\" content=\"1\u00a0Minute\" \/>\n<script type=\"application\/ld+json\" class=\"yoast-schema-graph\">{\"@context\":\"https:\/\/schema.org\",\"@graph\":[{\"@type\":\"WebPage\",\"@id\":\"https:\/\/alicanteglobalgroup.es\/galeria\/\",\"url\":\"https:\/\/alicanteglobalgroup.es\/galeria\/\",\"name\":\"GALER\u00cdA - Alicante Global Group\",\"isPartOf\":{\"@id\":\"https:\/\/alicanteglobalgroup.es\/#website\"},\"datePublished\":\"2026-03-18T09:49:22+00:00\",\"dateModified\":\"2026-03-23T17:07:24+00:00\",\"breadcrumb\":{\"@id\":\"https:\/\/alicanteglobalgroup.es\/galeria\/#breadcrumb\"},\"inLanguage\":\"de\",\"potentialAction\":[{\"@type\":\"ReadAction\",\"target\":[\"https:\/\/alicanteglobalgroup.es\/galeria\/\"]}]},{\"@type\":\"BreadcrumbList\",\"@id\":\"https:\/\/alicanteglobalgroup.es\/galeria\/#breadcrumb\",\"itemListElement\":[{\"@type\":\"ListItem\",\"position\":1,\"name\":\"Portada\",\"item\":\"https:\/\/alicanteglobalgroup.es\/\"},{\"@type\":\"ListItem\",\"position\":2,\"name\":\"GALER\u00cdA\"}]},{\"@type\":\"WebSite\",\"@id\":\"https:\/\/alicanteglobalgroup.es\/#website\",\"url\":\"https:\/\/alicanteglobalgroup.es\/\",\"name\":\"Alicante Global Group\",\"description\":\"Expertos en el sector inmobiliario en la Costa Blanca\",\"potentialAction\":[{\"@type\":\"SearchAction\",\"target\":{\"@type\":\"EntryPoint\",\"urlTemplate\":\"https:\/\/alicanteglobalgroup.es\/?s={search_term_string}\"},\"query-input\":{\"@type\":\"PropertyValueSpecification\",\"valueRequired\":true,\"valueName\":\"search_term_string\"}}],\"inLanguage\":\"de\"}]}<\/script>\n<!-- \/ Yoast SEO plugin. -->","yoast_head_json":{"title":"GALERIE - Alicante Global Gruppe","robots":{"index":"index","follow":"follow","max-snippet":"max-snippet:-1","max-image-preview":"max-image-preview:large","max-video-preview":"max-video-preview:-1"},"canonical":"https:\/\/alicanteglobalgroup.es\/de\/galeria\/","og_locale":"de_DE","og_type":"article","og_title":"GALER\u00cdA - Alicante Global Group","og_description":"Galer\u00eda Donde el dise\u00f1o, la exclusividad y la excelencia constructiva cobran vida. M\u00c1S INFORMACI\u00d3N Altea Sense https:\/\/galeria.alteasense.com\/videos\/ALTEASENSE_3%20(1).mp4 Patmore Residence https:\/\/galeria.alteasense.com\/patmore\/videos\/PATMORE%20RESIDENCE_3%20(1).mp4 Patmore Resort https:\/\/galeria.alteasense.com\/patmoreresort\/videos\/PATMORERESORT_3.mp4 Moraira Natura https:\/\/galeria.alteasense.com\/morairanatura\/videos\/MORAIRANATURA_3%20(1).mp4 Cala Natura https:\/\/galeria.alteasense.com\/calanatura\/videos\/CALANATURA_3%20(1).mp4","og_url":"https:\/\/alicanteglobalgroup.es\/de\/galeria\/","og_site_name":"Alicante Global Group","article_modified_time":"2026-03-23T17:07:24+00:00","twitter_card":"summary_large_image","twitter_misc":{"Gesch\u00e4tzte Lesezeit":"1\u00a0Minute"},"schema":{"@context":"https:\/\/schema.org","@graph":[{"@type":"WebPage","@id":"https:\/\/alicanteglobalgroup.es\/galeria\/","url":"https:\/\/alicanteglobalgroup.es\/galeria\/","name":"GALERIE - Alicante Global Gruppe","isPartOf":{"@id":"https:\/\/alicanteglobalgroup.es\/#website"},"datePublished":"2026-03-18T09:49:22+00:00","dateModified":"2026-03-23T17:07:24+00:00","breadcrumb":{"@id":"https:\/\/alicanteglobalgroup.es\/galeria\/#breadcrumb"},"inLanguage":"de","potentialAction":[{"@type":"ReadAction","target":["https:\/\/alicanteglobalgroup.es\/galeria\/"]}]},{"@type":"BreadcrumbList","@id":"https:\/\/alicanteglobalgroup.es\/galeria\/#breadcrumb","itemListElement":[{"@type":"ListItem","position":1,"name":"Portada","item":"https:\/\/alicanteglobalgroup.es\/"},{"@type":"ListItem","position":2,"name":"GALER\u00cdA"}]},{"@type":"WebSite","@id":"https:\/\/alicanteglobalgroup.es\/#website","url":"https:\/\/alicanteglobalgroup.es\/","name":"Alicante Global Gruppe","description":"Experten f\u00fcr den Immobiliensektor an der Costa Blanca","potentialAction":[{"@type":"SearchAction","target":{"@type":"EntryPoint","urlTemplate":"https:\/\/alicanteglobalgroup.es\/?s={search_term_string}"},"query-input":{"@type":"PropertyValueSpecification","valueRequired":true,"valueName":"search_term_string"}}],"inLanguage":"de"}]}},"_links":{"self":[{"href":"https:\/\/alicanteglobalgroup.es\/de\/wp-json\/wp\/v2\/pages\/15496","targetHints":{"allow":["GET"]}}],"collection":[{"href":"https:\/\/alicanteglobalgroup.es\/de\/wp-json\/wp\/v2\/pages"}],"about":[{"href":"https:\/\/alicanteglobalgroup.es\/de\/wp-json\/wp\/v2\/types\/page"}],"author":[{"embeddable":true,"href":"https:\/\/alicanteglobalgroup.es\/de\/wp-json\/wp\/v2\/users\/6"}],"replies":[{"embeddable":true,"href":"https:\/\/alicanteglobalgroup.es\/de\/wp-json\/wp\/v2\/comments?post=15496"}],"version-history":[{"count":0,"href":"https:\/\/alicanteglobalgroup.es\/de\/wp-json\/wp\/v2\/pages\/15496\/revisions"}],"wp:attachment":[{"href":"https:\/\/alicanteglobalgroup.es\/de\/wp-json\/wp\/v2\/media?parent=15496"}],"wp:term":[{"taxonomy":"wf_page_folders","embeddable":true,"href":"https:\/\/alicanteglobalgroup.es\/de\/wp-json\/wp\/v2\/wf_page_folders?post=15496"}],"curies":[{"name":"wp","href":"https:\/\/api.w.org\/{rel}","templated":true}]}}